{"id":6773,"date":"2015-03-19T00:35:05","date_gmt":"2015-03-19T00:35:05","guid":{"rendered":"https:\/\/studio-kontus.hr\/home-2\/"},"modified":"2022-02-01T09:53:07","modified_gmt":"2022-02-01T09:53:07","slug":"home-2","status":"publish","type":"page","link":"https:\/\/studio-kontus.hr\/en\/","title":{"rendered":"Home"},"content":{"rendered":"<p>[vc_row css_animation=&#8221;none&#8221;][vc_column css_animation=&#8221;none&#8221; reveal_effect=&#8221;fadeIn&#8221; reveal_duration=&#8221;1&#8243; reveal_delay=&#8221;0.3&#8243;][lab_portfolio_items category_filter=&#8221;no&#8221; portfolio_type=&#8221;type-2&#8243; dynamic_image_height=&#8221;yes&#8221; pagination_type=&#8221;endless&#8221; portfolio_query=&#8221;size:6|order_by:date|post_type:portfolio&#8221;][\/vc_column][\/vc_row][vc_row][vc_column css_animation=&#8221;none&#8221; reveal_effect=&#8221;fadeIn&#8221; reveal_duration=&#8221;0.7&#8243; reveal_delay=&#8221;0.1&#8243;][lab_heading title=&#8221;Clients .&#8221;]These are some with whom we had the pleasure of working.<br \/>\nYou want to be the next?[\/lab_heading][\/vc_column][\/vc_row][vc_row][vc_column][vc_empty_space][lab_clients image_borders=&#8221;no&#8221; reveal_effect=&#8221;fadeIn-one&#8221; height=&#8221;180&#8243; img_size=&#8221;full&#8221;][lab_clients_entry image=&#8221;6350&#8243; title=&#8221;Nestle&#8221;][lab_clients_entry image=&#8221;6352&#8243; title=&#8221;Total Energies&#8221;][lab_clients_entry image=&#8221;6354&#8243; title=&#8221;Hilton Rijeka Costabella Beach Resort &amp; Spa&#8221;][lab_clients_entry image=&#8221;6356&#8243; title=&#8221;Decathlon&#8221;][lab_clients_entry image=&#8221;6358&#8243; title=&#8221;Ferotehna&#8221;][lab_clients_entry image=&#8221;6360&#8243; title=&#8221;Aquacolors Pore\u010d&#8221;][lab_clients_entry image=&#8221;6896&#8243; title=&#8221;Jadran &#8211; Galenski laboratorij&#8221;][lab_clients_entry image=&#8221;6364&#8243; title=&#8221;Port of Rijeka&#8221;][lab_clients_entry image=&#8221;6366&#8243; title=&#8221;Arupinum hotel Rovinj&#8221;][lab_clients_entry image=&#8221;6368&#8243; title=&#8221;Special hospital DR.Nemec&#8221;][lab_clients_entry image=&#8221;6370&#8243; title=&#8221;Crikvenica tourist board&#8221;][lab_clients_entry image=&#8221;6372&#8243; title=&#8221;Maritime and History Museum of the Croatian Coast, Rijeka&#8221;][lab_clients_entry image=&#8221;6374&#8243; title=&#8221;Rijeka Natural History Museum&#8221;][lab_clients_entry image=&#8221;6376&#8243; title=&#8221;City Museum of Rijeka&#8221;][lab_clients_entry image=&#8221;6378&#8243; title=&#8221;Cattunar Wine Residence&#8221;][lab_clients_entry image=&#8221;6380&#8243; title=&#8221;Lawfirm Primorac&#8221;][lab_clients_entry image=&#8221;6382&#8243; title=&#8221;Croatian Football Club Rijeka&#8221;][lab_clients_entry image=&#8221;6384&#8243; title=&#8221;Brioni National Park&#8221;][lab_clients_entry image=&#8221;6392&#8243; title=&#8221;Elcon Geraetebau&#8221;][lab_clients_entry image=&#8221;6390&#8243; title=&#8221;Lokve &#8211; Quality windows&#8221;][\/lab_clients][\/vc_column][\/vc_row][vc_row][vc_column][vc_empty_space][\/vc_column][\/vc_row][vc_row][vc_column][vc_separator color=&#8221;custom&#8221; accent_color=&#8221;#707070&#8243;][\/vc_column][\/vc_row][vc_row][vc_column][vc_column_text]<\/p>\n<div class=\"review\"><script src=\"https:\/\/apps.elfsight.com\/p\/platform.js\" defer><\/script><\/div>\n<div class=\"elfsight-app-82054d38-7218-4050-be88-fd842821780d\"><\/div>\n<p>[\/vc_column_text][\/vc_column][\/vc_row]<\/p>\n","protected":false},"excerpt":{"rendered":"<p>[vc_row css_animation=&#8221;none&#8221;][vc_column css_animation=&#8221;none&#8221; reveal_effect=&#8221;fadeIn&#8221; reveal_duration=&#8221;1&#8243; reveal_delay=&#8221;0.3&#8243;][lab_portfolio_items category_filter=&#8221;no&#8221; portfolio_type=&#8221;type-2&#8243; dynamic_image_height=&#8221;yes&#8221; pagination_type=&#8221;endless&#8221; portfolio_query=&#8221;size:6|order_by:date|post_type:portfolio&#8221;][\/vc_column][\/vc_row][vc_row][vc_column css_animation=&#8221;none&#8221; reveal_effect=&#8221;fadeIn&#8221; reveal_duration=&#8221;0.7&#8243; reveal_delay=&#8221;0.1&#8243;][lab_heading title=&#8221;Clients .&#8221;]These are some with whom we had the pleasure of working. You want to be the next?[\/lab_heading][\/vc_column][\/vc_row][vc_row][vc_column][vc_empty_space][lab_clients image_borders=&#8221;no&#8221; reveal_effect=&#8221;fadeIn-one&#8221; height=&#8221;180&#8243; img_size=&#8221;full&#8221;][lab_clients_entry image=&#8221;6350&#8243; title=&#8221;Nestle&#8221;][lab_clients_entry image=&#8221;6352&#8243; title=&#8221;Total Energies&#8221;][lab_clients_entry image=&#8221;6354&#8243; title=&#8221;Hilton Rijeka Costabella Beach Resort &amp; Spa&#8221;][lab_clients_entry image=&#8221;6356&#8243; title=&#8221;Decathlon&#8221;][lab_clients_entry image=&#8221;6358&#8243; title=&#8221;Ferotehna&#8221;][lab_clients_entry image=&#8221;6360&#8243;&hellip;<\/p>\n","protected":false},"author":1,"featured_media":0,"parent":0,"menu_order":0,"comment_status":"open","ping_status":"open","template":"","meta":{"footnotes":""},"class_list":["post-6773","page","type-page","status-publish","hentry"],"acf":[],"yoast_head":"<!-- This site is optimized with the Yoast SEO plugin v24.7 - https:\/\/yoast.com\/wordpress\/plugins\/seo\/ -->\n<title>Home - Studio Kontu\u0161<\/title>\n<meta name=\"robots\" content=\"index, follow, max-snippet:-1, max-image-preview:large, max-video-preview:-1\" \/>\n<link rel=\"canonical\" href=\"https:\/\/studio-kontus.hr\/en\/\" \/>\n<meta property=\"og:locale\" content=\"en_US\" \/>\n<meta property=\"og:type\" content=\"article\" \/>\n<meta property=\"og:title\" content=\"Home - Studio Kontu\u0161\" \/>\n<meta property=\"og:description\" content=\"[vc_row css_animation=&#8221;none&#8221;][vc_column css_animation=&#8221;none&#8221; reveal_effect=&#8221;fadeIn&#8221; reveal_duration=&#8221;1&#8243; reveal_delay=&#8221;0.3&#8243;][lab_portfolio_items category_filter=&#8221;no&#8221; portfolio_type=&#8221;type-2&#8243; dynamic_image_height=&#8221;yes&#8221; pagination_type=&#8221;endless&#8221; portfolio_query=&#8221;size:6|order_by:date|post_type:portfolio&#8221;][\/vc_column][\/vc_row][vc_row][vc_column css_animation=&#8221;none&#8221; reveal_effect=&#8221;fadeIn&#8221; reveal_duration=&#8221;0.7&#8243; reveal_delay=&#8221;0.1&#8243;][lab_heading title=&#8221;Clients .&#8221;]These are some with whom we had the pleasure of working. You want to be the next?[\/lab_heading][\/vc_column][\/vc_row][vc_row][vc_column][vc_empty_space][lab_clients image_borders=&#8221;no&#8221; reveal_effect=&#8221;fadeIn-one&#8221; height=&#8221;180&#8243; img_size=&#8221;full&#8221;][lab_clients_entry image=&#8221;6350&#8243; title=&#8221;Nestle&#8221;][lab_clients_entry image=&#8221;6352&#8243; title=&#8221;Total Energies&#8221;][lab_clients_entry image=&#8221;6354&#8243; title=&#8221;Hilton Rijeka Costabella Beach Resort &amp; Spa&#8221;][lab_clients_entry image=&#8221;6356&#8243; title=&#8221;Decathlon&#8221;][lab_clients_entry image=&#8221;6358&#8243; title=&#8221;Ferotehna&#8221;][lab_clients_entry image=&#8221;6360&#8243;&hellip;\" \/>\n<meta property=\"og:url\" content=\"https:\/\/studio-kontus.hr\/en\/\" \/>\n<meta property=\"og:site_name\" content=\"Studio Kontu\u0161\" \/>\n<meta property=\"article:modified_time\" content=\"2022-02-01T09:53:07+00:00\" \/>\n<meta name=\"twitter:card\" content=\"summary_large_image\" \/>\n<meta name=\"twitter:title\" content=\"-1389\" \/>\n<meta name=\"twitter:description\" content=\"90\" \/>\n<meta name=\"twitter:image\" content=\"http:\/\/false\" \/>\n<meta name=\"twitter:label1\" content=\"Est. reading time\" \/>\n\t<meta name=\"twitter:data1\" content=\"1 minute\" \/>\n<script type=\"application\/ld+json\" class=\"yoast-schema-graph\">{\"@context\":\"https:\/\/schema.org\",\"@graph\":[{\"@type\":\"WebPage\",\"@id\":\"https:\/\/studio-kontus.hr\/en\/\",\"url\":\"https:\/\/studio-kontus.hr\/en\/\",\"name\":\"Home - Studio Kontu\u0161\",\"isPartOf\":{\"@id\":\"https:\/\/studio-kontus.hr\/#website\"},\"datePublished\":\"2015-03-19T00:35:05+00:00\",\"dateModified\":\"2022-02-01T09:53:07+00:00\",\"breadcrumb\":{\"@id\":\"https:\/\/studio-kontus.hr\/en\/#breadcrumb\"},\"inLanguage\":\"en-US\",\"potentialAction\":[{\"@type\":\"ReadAction\",\"target\":[\"https:\/\/studio-kontus.hr\/en\/\"]}]},{\"@type\":\"BreadcrumbList\",\"@id\":\"https:\/\/studio-kontus.hr\/en\/#breadcrumb\",\"itemListElement\":[{\"@type\":\"ListItem\",\"position\":1,\"name\":\"Home\",\"item\":\"https:\/\/studio-kontus.hr\/en\/\"},{\"@type\":\"ListItem\",\"position\":2,\"name\":\"Home\"}]},{\"@type\":\"WebSite\",\"@id\":\"https:\/\/studio-kontus.hr\/#website\",\"url\":\"https:\/\/studio-kontus.hr\/\",\"name\":\"Studio Kontu\u0161\",\"description\":\"Izrada web stranica, Digitalna rije\u0161enja, Fotografiranje vjen\u010danja, poslovna fotografija, fotografiranje hrane i pi\u0107a, nekretnine  i photo booth\",\"potentialAction\":[{\"@type\":\"SearchAction\",\"target\":{\"@type\":\"EntryPoint\",\"urlTemplate\":\"https:\/\/studio-kontus.hr\/?s={search_term_string}\"},\"query-input\":{\"@type\":\"PropertyValueSpecification\",\"valueRequired\":true,\"valueName\":\"search_term_string\"}}],\"inLanguage\":\"en-US\"}]}<\/script>\n<!-- \/ Yoast SEO plugin. -->","yoast_head_json":{"title":"Home - Studio Kontu\u0161","robots":{"index":"index","follow":"follow","max-snippet":"max-snippet:-1","max-image-preview":"max-image-preview:large","max-video-preview":"max-video-preview:-1"},"canonical":"https:\/\/studio-kontus.hr\/en\/","og_locale":"en_US","og_type":"article","og_title":"Home - Studio Kontu\u0161","og_description":"[vc_row css_animation=&#8221;none&#8221;][vc_column css_animation=&#8221;none&#8221; reveal_effect=&#8221;fadeIn&#8221; reveal_duration=&#8221;1&#8243; reveal_delay=&#8221;0.3&#8243;][lab_portfolio_items category_filter=&#8221;no&#8221; portfolio_type=&#8221;type-2&#8243; dynamic_image_height=&#8221;yes&#8221; pagination_type=&#8221;endless&#8221; portfolio_query=&#8221;size:6|order_by:date|post_type:portfolio&#8221;][\/vc_column][\/vc_row][vc_row][vc_column css_animation=&#8221;none&#8221; reveal_effect=&#8221;fadeIn&#8221; reveal_duration=&#8221;0.7&#8243; reveal_delay=&#8221;0.1&#8243;][lab_heading title=&#8221;Clients .&#8221;]These are some with whom we had the pleasure of working. You want to be the next?[\/lab_heading][\/vc_column][\/vc_row][vc_row][vc_column][vc_empty_space][lab_clients image_borders=&#8221;no&#8221; reveal_effect=&#8221;fadeIn-one&#8221; height=&#8221;180&#8243; img_size=&#8221;full&#8221;][lab_clients_entry image=&#8221;6350&#8243; title=&#8221;Nestle&#8221;][lab_clients_entry image=&#8221;6352&#8243; title=&#8221;Total Energies&#8221;][lab_clients_entry image=&#8221;6354&#8243; title=&#8221;Hilton Rijeka Costabella Beach Resort &amp; Spa&#8221;][lab_clients_entry image=&#8221;6356&#8243; title=&#8221;Decathlon&#8221;][lab_clients_entry image=&#8221;6358&#8243; title=&#8221;Ferotehna&#8221;][lab_clients_entry image=&#8221;6360&#8243;&hellip;","og_url":"https:\/\/studio-kontus.hr\/en\/","og_site_name":"Studio Kontu\u0161","article_modified_time":"2022-02-01T09:53:07+00:00","twitter_card":"summary_large_image","twitter_title":"-1389","twitter_description":"90","twitter_image":"false","twitter_misc":{"Est. reading time":"1 minute"},"schema":{"@context":"https:\/\/schema.org","@graph":[{"@type":"WebPage","@id":"https:\/\/studio-kontus.hr\/en\/","url":"https:\/\/studio-kontus.hr\/en\/","name":"Home - Studio Kontu\u0161","isPartOf":{"@id":"https:\/\/studio-kontus.hr\/#website"},"datePublished":"2015-03-19T00:35:05+00:00","dateModified":"2022-02-01T09:53:07+00:00","breadcrumb":{"@id":"https:\/\/studio-kontus.hr\/en\/#breadcrumb"},"inLanguage":"en-US","potentialAction":[{"@type":"ReadAction","target":["https:\/\/studio-kontus.hr\/en\/"]}]},{"@type":"BreadcrumbList","@id":"https:\/\/studio-kontus.hr\/en\/#breadcrumb","itemListElement":[{"@type":"ListItem","position":1,"name":"Home","item":"https:\/\/studio-kontus.hr\/en\/"},{"@type":"ListItem","position":2,"name":"Home"}]},{"@type":"WebSite","@id":"https:\/\/studio-kontus.hr\/#website","url":"https:\/\/studio-kontus.hr\/","name":"Studio Kontu\u0161","description":"Izrada web stranica, Digitalna rije\u0161enja, Fotografiranje vjen\u010danja, poslovna fotografija, fotografiranje hrane i pi\u0107a, nekretnine  i photo booth","potentialAction":[{"@type":"SearchAction","target":{"@type":"EntryPoint","urlTemplate":"https:\/\/studio-kontus.hr\/?s={search_term_string}"},"query-input":{"@type":"PropertyValueSpecification","valueRequired":true,"valueName":"search_term_string"}}],"inLanguage":"en-US"}]}},"_links":{"self":[{"href":"https:\/\/studio-kontus.hr\/en\/wp-json\/wp\/v2\/pages\/6773","targetHints":{"allow":["GET"]}}],"collection":[{"href":"https:\/\/studio-kontus.hr\/en\/wp-json\/wp\/v2\/pages"}],"about":[{"href":"https:\/\/studio-kontus.hr\/en\/wp-json\/wp\/v2\/types\/page"}],"author":[{"embeddable":true,"href":"https:\/\/studio-kontus.hr\/en\/wp-json\/wp\/v2\/users\/1"}],"replies":[{"embeddable":true,"href":"https:\/\/studio-kontus.hr\/en\/wp-json\/wp\/v2\/comments?post=6773"}],"version-history":[{"count":14,"href":"https:\/\/studio-kontus.hr\/en\/wp-json\/wp\/v2\/pages\/6773\/revisions"}],"predecessor-version":[{"id":6900,"href":"https:\/\/studio-kontus.hr\/en\/wp-json\/wp\/v2\/pages\/6773\/revisions\/6900"}],"wp:attachment":[{"href":"https:\/\/studio-kontus.hr\/en\/wp-json\/wp\/v2\/media?parent=6773"}],"curies":[{"name":"wp","href":"https:\/\/api.w.org\/{rel}","templated":true}]}}