{"id":6819,"date":"2016-07-25T07:50:45","date_gmt":"2016-07-25T07:50:45","guid":{"rendered":"https:\/\/studio-kontus.hr\/studio\/"},"modified":"2022-01-09T09:02:14","modified_gmt":"2022-01-09T09:02:14","slug":"studio","status":"publish","type":"page","link":"https:\/\/studio-kontus.hr\/en\/studio\/","title":{"rendered":"Studio"},"content":{"rendered":"<p>[vc_row][vc_column][lab_heading title=&#8221;Studio.&#8221;]Studio Kontu\u0161 is studio for web design, photographing services of business premises, hotels, apartments, restaurants, commercial events, launching new products, conferences and a variety of gatherings, team building and other such occasions including the visual solutions necessary for all advertising industry materials for both domestic and foreign clients.<\/p>\n<p>In a world where information is circulated with lightning speed, digital photography is the best tool for promotion and information. Being professional photographers, every event and product represents a great challenge. For promotional purposes of any kind, with photography we impose a picture of what our clients would like to achieve, and work towards focusing on it in every detail.<\/p>\n<p>A good plan and impressive visual solution will undoubtedly leave a trace and strengthen the image of a brand as well as business relations with current and potential partners.<br \/>\n[\/lab_heading][\/vc_column][\/vc_row][vc_row full_width=&#8221;stretch_row&#8221; css=&#8221;.vc_custom_1473103990981{padding-top: 120px !important;padding-bottom: 120px !important;}&#8221;][vc_column][vc_column_text]<\/p>\n<h2 style=\"text-align: center;\">Do you have an upcoming project?<\/h2>\n<p>[\/vc_column_text][vc_row_inner][vc_column_inner width=&#8221;1\/3&#8243;][\/vc_column_inner][vc_column_inner width=&#8221;1\/3&#8243;][vc_separator color=&#8221;black&#8221; border_width=&#8221;2&#8243; el_width=&#8221;10&#8243; css=&#8221;.vc_custom_1473091935732{margin-bottom: 5px !important;}&#8221;][vc_empty_space][\/vc_column_inner][vc_column_inner width=&#8221;1\/3&#8243;][\/vc_column_inner][\/vc_row_inner][vc_row_inner css=&#8221;.vc_custom_1467381068708{padding-top: 0px !important;}&#8221;][vc_column_inner width=&#8221;5\/6&#8243; offset=&#8221;vc_col-lg-offset-1 vc_col-md-offset-1 vc_col-sm-offset-1&#8243;][vc_column_text]<\/p>\n<p class=\"p1\" style=\"text-align: center;\"><span class=\"s1\">Feel free to contact us, request a meeting and we will be happy to respond so that we can present everything to you and make the most concrete offer for your project.<br \/>\n<\/span><\/p>\n<p>[\/vc_column_text][\/vc_column_inner][\/vc_row_inner][vc_row_inner][vc_column_inner width=&#8221;1\/2&#8243; offset=&#8221;vc_col-lg-offset-3 vc_col-lg-3&#8243;][vc_btn title=&#8221;CONTACT US&#8221; style=&#8221;outline&#8221; shape=&#8221;square&#8221; color=&#8221;black&#8221; align=&#8221;center&#8221; button_block=&#8221;true&#8221; link=&#8221;url:http%3A%2F%2Fstudio-kontus.hr%2Fkontaktirajte-nas%2F|||&#8221;][\/vc_column_inner][vc_column_inner width=&#8221;1\/2&#8243; offset=&#8221;vc_col-lg-3&#8243;][vc_btn title=&#8221;CALL US +385 91 510 1582&#8243; style=&#8221;outline&#8221; shape=&#8221;square&#8221; color=&#8221;black&#8221; align=&#8221;center&#8221; button_block=&#8221;true&#8221; link=&#8221;url:%23|||&#8221;][\/vc_column_inner][\/vc_row_inner][\/vc_column][\/vc_row]<\/p>\n","protected":false},"excerpt":{"rendered":"<p>[vc_row][vc_column][lab_heading title=&#8221;Studio.&#8221;]Studio Kontu\u0161 is studio for web design, photographing services of business premises, hotels, apartments, restaurants, commercial events, launching new products, conferences and a variety of gatherings, team building and other such occasions including the visual solutions necessary for all advertising industry materials for both domestic and foreign clients. In a world where information is&hellip;<\/p>\n","protected":false},"author":1,"featured_media":0,"parent":0,"menu_order":0,"comment_status":"closed","ping_status":"closed","template":"","meta":{"footnotes":""},"class_list":["post-6819","page","type-page","status-publish","hentry"],"acf":[],"yoast_head":"<!-- This site is optimized with the Yoast SEO plugin v24.7 - https:\/\/yoast.com\/wordpress\/plugins\/seo\/ -->\n<title>Studio - Studio Kontu\u0161<\/title>\n<meta name=\"description\" content=\"Nudimo usluge fotografiranja poslovnih prostora, hotela, apartmana, vjen\u010danja, restorana i razli\u010ditih evenata te vizualna rje\u0161enja za potrebe ogla\u0161avanja.\" \/>\n<meta name=\"robots\" content=\"index, follow, max-snippet:-1, max-image-preview:large, max-video-preview:-1\" \/>\n<link rel=\"canonical\" href=\"https:\/\/studio-kontus.hr\/en\/studio\/\" \/>\n<meta property=\"og:locale\" content=\"en_US\" \/>\n<meta property=\"og:type\" content=\"article\" \/>\n<meta property=\"og:title\" content=\"Studio - Studio Kontu\u0161\" \/>\n<meta property=\"og:description\" content=\"Nudimo usluge fotografiranja poslovnih prostora, hotela, apartmana, vjen\u010danja, restorana i razli\u010ditih evenata te vizualna rje\u0161enja za potrebe ogla\u0161avanja.\" \/>\n<meta property=\"og:url\" content=\"https:\/\/studio-kontus.hr\/en\/studio\/\" \/>\n<meta property=\"og:site_name\" content=\"Studio Kontu\u0161\" \/>\n<meta property=\"article:modified_time\" content=\"2022-01-09T09:02:14+00:00\" \/>\n<meta name=\"twitter:card\" content=\"summary_large_image\" \/>\n<meta name=\"twitter:label1\" content=\"Est. reading time\" \/>\n\t<meta name=\"twitter:data1\" content=\"2 minutes\" \/>\n<script type=\"application\/ld+json\" class=\"yoast-schema-graph\">{\"@context\":\"https:\/\/schema.org\",\"@graph\":[{\"@type\":\"WebPage\",\"@id\":\"https:\/\/studio-kontus.hr\/en\/studio\/\",\"url\":\"https:\/\/studio-kontus.hr\/en\/studio\/\",\"name\":\"Studio - Studio Kontu\u0161\",\"isPartOf\":{\"@id\":\"https:\/\/studio-kontus.hr\/#website\"},\"datePublished\":\"2016-07-25T07:50:45+00:00\",\"dateModified\":\"2022-01-09T09:02:14+00:00\",\"description\":\"Nudimo usluge fotografiranja poslovnih prostora, hotela, apartmana, vjen\u010danja, restorana i razli\u010ditih evenata te vizualna rje\u0161enja za potrebe ogla\u0161avanja.\",\"breadcrumb\":{\"@id\":\"https:\/\/studio-kontus.hr\/en\/studio\/#breadcrumb\"},\"inLanguage\":\"en-US\",\"potentialAction\":[{\"@type\":\"ReadAction\",\"target\":[\"https:\/\/studio-kontus.hr\/en\/studio\/\"]}]},{\"@type\":\"BreadcrumbList\",\"@id\":\"https:\/\/studio-kontus.hr\/en\/studio\/#breadcrumb\",\"itemListElement\":[{\"@type\":\"ListItem\",\"position\":1,\"name\":\"Home\",\"item\":\"https:\/\/studio-kontus.hr\/en\/\"},{\"@type\":\"ListItem\",\"position\":2,\"name\":\"Studio\"}]},{\"@type\":\"WebSite\",\"@id\":\"https:\/\/studio-kontus.hr\/#website\",\"url\":\"https:\/\/studio-kontus.hr\/\",\"name\":\"Studio Kontu\u0161\",\"description\":\"Izrada web stranica, Digitalna rije\u0161enja, Fotografiranje vjen\u010danja, poslovna fotografija, fotografiranje hrane i pi\u0107a, nekretnine  i photo booth\",\"potentialAction\":[{\"@type\":\"SearchAction\",\"target\":{\"@type\":\"EntryPoint\",\"urlTemplate\":\"https:\/\/studio-kontus.hr\/?s={search_term_string}\"},\"query-input\":{\"@type\":\"PropertyValueSpecification\",\"valueRequired\":true,\"valueName\":\"search_term_string\"}}],\"inLanguage\":\"en-US\"}]}<\/script>\n<!-- \/ Yoast SEO plugin. -->","yoast_head_json":{"title":"Studio - Studio Kontu\u0161","description":"Nudimo usluge fotografiranja poslovnih prostora, hotela, apartmana, vjen\u010danja, restorana i razli\u010ditih evenata te vizualna rje\u0161enja za potrebe ogla\u0161avanja.","robots":{"index":"index","follow":"follow","max-snippet":"max-snippet:-1","max-image-preview":"max-image-preview:large","max-video-preview":"max-video-preview:-1"},"canonical":"https:\/\/studio-kontus.hr\/en\/studio\/","og_locale":"en_US","og_type":"article","og_title":"Studio - Studio Kontu\u0161","og_description":"Nudimo usluge fotografiranja poslovnih prostora, hotela, apartmana, vjen\u010danja, restorana i razli\u010ditih evenata te vizualna rje\u0161enja za potrebe ogla\u0161avanja.","og_url":"https:\/\/studio-kontus.hr\/en\/studio\/","og_site_name":"Studio Kontu\u0161","article_modified_time":"2022-01-09T09:02:14+00:00","twitter_card":"summary_large_image","twitter_misc":{"Est. reading time":"2 minutes"},"schema":{"@context":"https:\/\/schema.org","@graph":[{"@type":"WebPage","@id":"https:\/\/studio-kontus.hr\/en\/studio\/","url":"https:\/\/studio-kontus.hr\/en\/studio\/","name":"Studio - Studio Kontu\u0161","isPartOf":{"@id":"https:\/\/studio-kontus.hr\/#website"},"datePublished":"2016-07-25T07:50:45+00:00","dateModified":"2022-01-09T09:02:14+00:00","description":"Nudimo usluge fotografiranja poslovnih prostora, hotela, apartmana, vjen\u010danja, restorana i razli\u010ditih evenata te vizualna rje\u0161enja za potrebe ogla\u0161avanja.","breadcrumb":{"@id":"https:\/\/studio-kontus.hr\/en\/studio\/#breadcrumb"},"inLanguage":"en-US","potentialAction":[{"@type":"ReadAction","target":["https:\/\/studio-kontus.hr\/en\/studio\/"]}]},{"@type":"BreadcrumbList","@id":"https:\/\/studio-kontus.hr\/en\/studio\/#breadcrumb","itemListElement":[{"@type":"ListItem","position":1,"name":"Home","item":"https:\/\/studio-kontus.hr\/en\/"},{"@type":"ListItem","position":2,"name":"Studio"}]},{"@type":"WebSite","@id":"https:\/\/studio-kontus.hr\/#website","url":"https:\/\/studio-kontus.hr\/","name":"Studio Kontu\u0161","description":"Izrada web stranica, Digitalna rije\u0161enja, Fotografiranje vjen\u010danja, poslovna fotografija, fotografiranje hrane i pi\u0107a, nekretnine  i photo booth","potentialAction":[{"@type":"SearchAction","target":{"@type":"EntryPoint","urlTemplate":"https:\/\/studio-kontus.hr\/?s={search_term_string}"},"query-input":{"@type":"PropertyValueSpecification","valueRequired":true,"valueName":"search_term_string"}}],"inLanguage":"en-US"}]}},"_links":{"self":[{"href":"https:\/\/studio-kontus.hr\/en\/wp-json\/wp\/v2\/pages\/6819","targetHints":{"allow":["GET"]}}],"collection":[{"href":"https:\/\/studio-kontus.hr\/en\/wp-json\/wp\/v2\/pages"}],"about":[{"href":"https:\/\/studio-kontus.hr\/en\/wp-json\/wp\/v2\/types\/page"}],"author":[{"embeddable":true,"href":"https:\/\/studio-kontus.hr\/en\/wp-json\/wp\/v2\/users\/1"}],"replies":[{"embeddable":true,"href":"https:\/\/studio-kontus.hr\/en\/wp-json\/wp\/v2\/comments?post=6819"}],"version-history":[{"count":2,"href":"https:\/\/studio-kontus.hr\/en\/wp-json\/wp\/v2\/pages\/6819\/revisions"}],"predecessor-version":[{"id":6822,"href":"https:\/\/studio-kontus.hr\/en\/wp-json\/wp\/v2\/pages\/6819\/revisions\/6822"}],"wp:attachment":[{"href":"https:\/\/studio-kontus.hr\/en\/wp-json\/wp\/v2\/media?parent=6819"}],"curies":[{"name":"wp","href":"https:\/\/api.w.org\/{rel}","templated":true}]}}